{"id":11,"date":"2018-01-07T21:16:40","date_gmt":"2018-01-07T20:16:40","guid":{"rendered":"http:\/\/kinokultur-heidenheim.de\/?page_id=11"},"modified":"2025-10-05T17:21:26","modified_gmt":"2025-10-05T15:21:26","slug":"news","status":"publish","type":"page","link":"https:\/\/kinokultur-heidenheim.de\/","title":{"rendered":"News"},"content":{"rendered":"\n<p><\/p>\n\n\n\n<p>7. November 2025<\/p>\n\n\n\n<p>Jubil\u00e4umsveranstaltung zum 10. Vereinsjubil\u00e4um<br><br><a href=\"https:\/\/kinokultur-heidenheim.de\/index.php\/veranstaltungen\/sonderveranstaltungen\/\">Jubil\u00e4umsveranstaltung<\/a><\/p>\n\n\n\n<p><\/p>\n\n\n\n<p><\/p>\n\n\n\n<p>21. Dezember 2025<\/p>\n\n\n\n<p>Der diesj\u00e4hrige Kurzfilmtag, am k\u00fcrzesten Tag des Jahres<\/p>\n\n\n\n<p><a href=\"https:\/\/kinokultur-heidenheim.de\/index.php\/veranstaltungen\/kurzfilmtag\/\" data-type=\"page\" data-id=\"38\">Kurzfilmtag<\/a><\/p>\n\n\n\n<p><\/p>\n","protected":false},"excerpt":{"rendered":"<div class=\"entry-summary\">\n7. November 2025 Jubil\u00e4umsveranstaltung zum 10. Vereinsjubil\u00e4um Jubil\u00e4umsveranstaltung 21. Dezember 2025 Der&hellip;\n<\/div>\n<div class=\"link-more\"><a href=\"https:\/\/kinokultur-heidenheim.de\/\" class=\"more-link\">Continue reading<span class=\"screen-reader-text\"> &ldquo;News&rdquo;<\/span>&hellip;<\/a><\/div>\n","protected":false},"author":1,"featured_media":0,"parent":0,"menu_order":0,"comment_status":"closed","ping_status":"closed","template":"page-template\/_fullwidth.php","meta":{"footnotes":""},"class_list":["post-11","page","type-page","status-publish","hentry","entry"],"_links":{"self":[{"href":"https:\/\/kinokultur-heidenheim.de\/index.php\/wp-json\/wp\/v2\/pages\/11","targetHints":{"allow":["GET"]}}],"collection":[{"href":"https:\/\/kinokultur-heidenheim.de\/index.php\/wp-json\/wp\/v2\/pages"}],"about":[{"href":"https:\/\/kinokultur-heidenheim.de\/index.php\/wp-json\/wp\/v2\/types\/page"}],"author":[{"embeddable":true,"href":"https:\/\/kinokultur-heidenheim.de\/index.php\/wp-json\/wp\/v2\/users\/1"}],"replies":[{"embeddable":true,"href":"https:\/\/kinokultur-heidenheim.de\/index.php\/wp-json\/wp\/v2\/comments?post=11"}],"version-history":[{"count":29,"href":"https:\/\/kinokultur-heidenheim.de\/index.php\/wp-json\/wp\/v2\/pages\/11\/revisions"}],"predecessor-version":[{"id":285,"href":"https:\/\/kinokultur-heidenheim.de\/index.php\/wp-json\/wp\/v2\/pages\/11\/revisions\/285"}],"wp:attachment":[{"href":"https:\/\/kinokultur-heidenheim.de\/index.php\/wp-json\/wp\/v2\/media?parent=11"}],"curies":[{"name":"wp","href":"https:\/\/api.w.org\/{rel}","templated":true}]}}